{"id":1558,"date":"2025-03-27T08:46:49","date_gmt":"2025-03-27T08:46:49","guid":{"rendered":"https:\/\/sacca.novae.website\/services\/physical-preparation\/"},"modified":"2025-04-23T09:42:02","modified_gmt":"2025-04-23T09:42:02","slug":"physical-preparation","status":"publish","type":"page","link":"https:\/\/www.hotel-lesacca.com\/en\/services\/physical-preparation\/","title":{"rendered":"Physical preparation"},"content":{"rendered":"[vc_row type=&#8221;full_width_background&#8221; full_screen_row_position=&#8221;middle&#8221; column_margin=&#8221;default&#8221; column_direction=&#8221;default&#8221; column_direction_tablet=&#8221;default&#8221; column_direction_phone=&#8221;default&#8221; bg_image=&#8221;375&#8243; bg_position=&#8221;center center&#8221; background_image_loading=&#8221;default&#8221; bg_repeat=&#8221;no-repeat&#8221; scene_position=&#8221;center&#8221; top_padding=&#8221;28%&#8221; bottom_padding=&#8221;4%&#8221; top_padding_phone=&#8221;80%&#8221; bottom_padding_phone=&#8221;10%&#8221; text_color=&#8221;light&#8221; text_align=&#8221;center&#8221; row_border_radius=&#8221;none&#8221; row_border_radius_applies=&#8221;bg&#8221; overflow=&#8221;visible&#8221; id=&#8221;inner&#8221; enable_gradient=&#8221;true&#8221; color_overlay=&#8221;rgba(9,23,56,0.52)&#8221; color_overlay_2=&#8221;rgba(9,23,56,0.01)&#8221; overlay_strength=&#8221;1&#8243; gradient_direction=&#8221;top_to_bottom&#8221; shape_divider_position=&#8221;bottom&#8221; bg_image_animation=&#8221;none&#8221; gradient_type=&#8221;default&#8221; shape_type=&#8221;&#8221;][vc_column column_padding=&#8221;no-extra-padding&#8221; column_padding_tablet=&#8221;inherit&#8221; column_padding_phone=&#8221;inherit&#8221; column_padding_position=&#8221;all&#8221; column_element_direction_desktop=&#8221;default&#8221; column_element_spacing=&#8221;default&#8221; desktop_text_alignment=&#8221;default&#8221; tablet_text_alignment=&#8221;default&#8221; phone_text_alignment=&#8221;default&#8221; background_color_opacity=&#8221;1&#8243; background_hover_color_opacity=&#8221;1&#8243; column_backdrop_filter=&#8221;none&#8221; column_shadow=&#8221;none&#8221; column_border_radius=&#8221;none&#8221; column_link_target=&#8221;_self&#8221; column_position=&#8221;default&#8221; gradient_direction=&#8221;left_to_right&#8221; overlay_strength=&#8221;0.3&#8243; width=&#8221;1\/1&#8243; tablet_width_inherit=&#8221;default&#8221; animation_type=&#8221;default&#8221; enable_animation=&#8221;true&#8221; animation=&#8221;fade-in&#8221; animation_easing=&#8221;default&#8221; bg_image_animation=&#8221;none&#8221; border_type=&#8221;simple&#8221; column_border_width=&#8221;none&#8221; column_border_style=&#8221;solid&#8221; column_padding_type=&#8221;default&#8221; gradient_type=&#8221;default&#8221; delay=&#8221;400&#8243;][vc_column_text css=&#8221;&#8221; el_class=&#8221;home-intro&#8221; text_direction=&#8221;default&#8221;]\n<h1 style=\"text-align: center;\">Physical preparation<\/h1>\n<p class=\"sub-title sub-w\" style=\"text-align: center;\">Prepare your teams for their competitions<\/p>\n[\/vc_column_text][nectar_btn size=&#8221;large&#8221; button_style=&#8221;regular&#8221; button_color_2=&#8221;Accent-Color&#8221; icon_family=&#8221;none&#8221; el_class=&#8221;sacca_btn sacca_book_btn&#8221; text=&#8221;Book a Room&#8221; url=&#8221;\/en\/booking\/&#8221;][\/vc_column][\/vc_row][vc_row type=&#8221;in_container&#8221; full_screen_row_position=&#8221;middle&#8221; column_margin=&#8221;default&#8221; column_direction=&#8221;default&#8221; column_direction_tablet=&#8221;default&#8221; column_direction_phone=&#8221;default&#8221; scene_position=&#8221;center&#8221; top_margin=&#8221;18%&#8221; text_color=&#8221;dark&#8221; text_align=&#8221;center&#8221; row_border_radius=&#8221;none&#8221; row_border_radius_applies=&#8221;bg&#8221; overflow=&#8221;visible&#8221; id=&#8221;cures&#8221; overlay_strength=&#8221;0.3&#8243; gradient_direction=&#8221;left_to_right&#8221; shape_divider_position=&#8221;bottom&#8221; bg_image_animation=&#8221;none&#8221; gradient_type=&#8221;default&#8221; shape_type=&#8221;&#8221;][vc_column column_padding=&#8221;no-extra-padding&#8221; column_padding_tablet=&#8221;inherit&#8221; column_padding_phone=&#8221;inherit&#8221; column_padding_position=&#8221;all&#8221; column_element_direction_desktop=&#8221;default&#8221; column_element_spacing=&#8221;default&#8221; desktop_text_alignment=&#8221;default&#8221; tablet_text_alignment=&#8221;default&#8221; phone_text_alignment=&#8221;default&#8221; background_color_opacity=&#8221;1&#8243; background_hover_color_opacity=&#8221;1&#8243; column_backdrop_filter=&#8221;none&#8221; column_shadow=&#8221;none&#8221; column_border_radius=&#8221;none&#8221; column_link_target=&#8221;_self&#8221; column_position=&#8221;default&#8221; gradient_direction=&#8221;left_to_right&#8221; overlay_strength=&#8221;0.3&#8243; width=&#8221;1\/1&#8243; tablet_width_inherit=&#8221;default&#8221; animation_type=&#8221;default&#8221; bg_image_animation=&#8221;none&#8221; border_type=&#8221;simple&#8221; column_border_width=&#8221;none&#8221; column_border_style=&#8221;solid&#8221;][vc_row_inner column_margin=&#8221;default&#8221; column_direction=&#8221;default&#8221; column_direction_tablet=&#8221;default&#8221; column_direction_phone=&#8221;default&#8221; text_align=&#8221;left&#8221; row_position=&#8221;default&#8221; row_position_tablet=&#8221;inherit&#8221; row_position_phone=&#8221;inherit&#8221; overflow=&#8221;visible&#8221; pointer_events=&#8221;all&#8221;][vc_column_inner column_padding=&#8221;no-extra-padding&#8221; column_padding_tablet=&#8221;inherit&#8221; column_padding_phone=&#8221;inherit&#8221; column_padding_position=&#8221;all&#8221; column_element_direction_desktop=&#8221;default&#8221; column_element_spacing=&#8221;default&#8221; desktop_text_alignment=&#8221;default&#8221; tablet_text_alignment=&#8221;default&#8221; phone_text_alignment=&#8221;default&#8221; background_color_opacity=&#8221;1&#8243; background_hover_color_opacity=&#8221;1&#8243; column_backdrop_filter=&#8221;none&#8221; column_shadow=&#8221;none&#8221; column_border_radius=&#8221;none&#8221; column_link_target=&#8221;_self&#8221; overflow=&#8221;visible&#8221; gradient_direction=&#8221;left_to_right&#8221; overlay_strength=&#8221;0.3&#8243; width=&#8221;1\/1&#8243; tablet_width_inherit=&#8221;default&#8221; animation_type=&#8221;default&#8221; enable_animation=&#8221;true&#8221; animation=&#8221;fade-in-from-bottom&#8221; animation_easing=&#8221;default&#8221; bg_image_animation=&#8221;none&#8221; border_type=&#8221;simple&#8221; column_border_width=&#8221;none&#8221; column_border_style=&#8221;solid&#8221; column_padding_type=&#8221;default&#8221; gradient_type=&#8221;default&#8221; delay=&#8221;400&#8243;][vc_column_text css=&#8221;&#8221; text_direction=&#8221;default&#8221;]\n<h2 style=\"text-align: center;\">Choose a preparation<\/h2>\n<h2 style=\"text-align: center;\">within our hotel<\/h2>\n<p class=\"sub-title\" style=\"text-align: center;\">The Sacca, an ideal place<\/p>\n[\/vc_column_text][\/vc_column_inner][\/vc_row_inner][vc_row_inner column_margin=&#8221;default&#8221; column_direction=&#8221;default&#8221; column_direction_tablet=&#8221;default&#8221; column_direction_phone=&#8221;default&#8221; bottom_padding=&#8221;72px&#8221; text_align=&#8221;left&#8221; row_position=&#8221;default&#8221; row_position_tablet=&#8221;inherit&#8221; row_position_phone=&#8221;inherit&#8221; overflow=&#8221;visible&#8221; pointer_events=&#8221;all&#8221;][vc_column_inner column_padding=&#8221;no-extra-padding&#8221; column_padding_tablet=&#8221;inherit&#8221; column_padding_phone=&#8221;inherit&#8221; column_padding_position=&#8221;all&#8221; column_element_direction_desktop=&#8221;default&#8221; column_element_spacing=&#8221;default&#8221; desktop_text_alignment=&#8221;default&#8221; tablet_text_alignment=&#8221;default&#8221; phone_text_alignment=&#8221;default&#8221; background_color_opacity=&#8221;1&#8243; background_hover_color_opacity=&#8221;1&#8243; column_backdrop_filter=&#8221;none&#8221; column_shadow=&#8221;none&#8221; column_border_radius=&#8221;none&#8221; column_link_target=&#8221;_self&#8221; overflow=&#8221;visible&#8221; gradient_direction=&#8221;left_to_right&#8221; overlay_strength=&#8221;0.3&#8243; width=&#8221;1\/1&#8243; tablet_width_inherit=&#8221;default&#8221; animation_type=&#8221;default&#8221; enable_animation=&#8221;true&#8221; animation=&#8221;fade-in-from-bottom&#8221; animation_easing=&#8221;default&#8221; bg_image_animation=&#8221;none&#8221; border_type=&#8221;simple&#8221; column_border_width=&#8221;none&#8221; column_border_style=&#8221;solid&#8221; column_padding_type=&#8221;default&#8221; gradient_type=&#8221;default&#8221; delay=&#8221;600&#8243;][vc_column_text css=&#8221;.vc_custom_1745332546435{margin-bottom: 36px !important;}&#8221; text_direction=&#8221;default&#8221;]\n<p style=\"text-align: center;\">The Sacca hotel in Cauterets in the Hautes Pyr\u00e9n\u00e9es will be the ideal place to succeed in your physical preparation course.<\/p>\n<p style=\"text-align: center;\">Indeed, thanks to our 53 rooms, we can organize your visit&#8230; the entire team and staff.<\/p>\n<p style=\"text-align: center;\">The Sacca Hotel in Cauterets offers tailored meals. We adapt your diet to suit your needs. Thanks to our collaboration and proximity to the Cauterets spa (Les Bains du Rocher), you can perfect your preparation. It is located 5 minutes from the hotel. We offer pleasant mountain-side rooms with a balcony where you can enjoy the magnificent panorama during your afternoons of relaxation and reading. You can also take advantage of our reception lounges to meet up with friends.<\/p>\n<p style=\"text-align: center;\">We offer rates tailored to your group.<\/p>\n<p style=\"text-align: center;\">[\/vc_column_text][\/vc_column_inner][\/vc_row_inner][vc_row_inner column_margin=&#8221;custom&#8221; column_margin_custom=&#8221;8px&#8221; column_direction=&#8221;default&#8221; column_direction_tablet=&#8221;default&#8221; column_direction_phone=&#8221;default&#8221; text_align=&#8221;left&#8221; row_position=&#8221;default&#8221; row_position_tablet=&#8221;inherit&#8221; row_position_phone=&#8221;inherit&#8221; overflow=&#8221;visible&#8221; pointer_events=&#8221;all&#8221; class=&#8221;rest-grid-row&#8221;][vc_column_inner column_padding=&#8221;no-extra-padding&#8221; column_padding_tablet=&#8221;inherit&#8221; column_padding_phone=&#8221;inherit&#8221; column_padding_position=&#8221;all&#8221; column_element_direction_desktop=&#8221;default&#8221; column_element_spacing=&#8221;default&#8221; desktop_text_alignment=&#8221;default&#8221; tablet_text_alignment=&#8221;default&#8221; phone_text_alignment=&#8221;default&#8221; background_color_opacity=&#8221;1&#8243; background_hover_color_opacity=&#8221;1&#8243; column_backdrop_filter=&#8221;none&#8221; column_shadow=&#8221;none&#8221; column_border_radius=&#8221;none&#8221; column_link_target=&#8221;_self&#8221; overflow=&#8221;visible&#8221; el_class=&#8221;single-container&#8221; gradient_direction=&#8221;left_to_right&#8221; overlay_strength=&#8221;0.3&#8243; width=&#8221;1\/2&#8243; tablet_width_inherit=&#8221;default&#8221; animation_type=&#8221;default&#8221; enable_animation=&#8221;true&#8221; animation=&#8221;fade-in&#8221; animation_easing=&#8221;default&#8221; bg_image_animation=&#8221;none&#8221; border_type=&#8221;simple&#8221; column_border_width=&#8221;none&#8221; column_border_style=&#8221;solid&#8221; column_padding_type=&#8221;default&#8221; gradient_type=&#8221;default&#8221; delay=&#8221;600&#8243;][image_with_animation image_url=&#8221;1507&#8243; image_size=&#8221;full&#8221; animation_type=&#8221;entrance&#8221; animation=&#8221;None&#8221; animation_movement_type=&#8221;transform_y&#8221; hover_animation=&#8221;none&#8221; alignment=&#8221;center&#8221; img_link_large=&#8221;yes&#8221; border_radius=&#8221;none&#8221; box_shadow=&#8221;none&#8221; image_loading=&#8221;default&#8221; max_width=&#8221;100%&#8221; max_width_mobile=&#8221;default&#8221; screen_reader_text=&#8221;chambre de l&#8217;h\u00f4tel le sacca&#8221; el_class=&#8221;rest-grid-1&#8243;][\/vc_column_inner][vc_column_inner column_padding=&#8221;no-extra-padding&#8221; column_padding_tablet=&#8221;inherit&#8221; column_padding_phone=&#8221;inherit&#8221; column_padding_position=&#8221;all&#8221; column_element_direction_desktop=&#8221;default&#8221; column_element_spacing=&#8221;default&#8221; desktop_text_alignment=&#8221;default&#8221; tablet_text_alignment=&#8221;default&#8221; phone_text_alignment=&#8221;default&#8221; background_color_opacity=&#8221;1&#8243; background_hover_color_opacity=&#8221;1&#8243; column_backdrop_filter=&#8221;none&#8221; column_shadow=&#8221;none&#8221; column_border_radius=&#8221;none&#8221; column_link_target=&#8221;_self&#8221; overflow=&#8221;visible&#8221; el_class=&#8221;single-container&#8221; gradient_direction=&#8221;left_to_right&#8221; overlay_strength=&#8221;0.3&#8243; width=&#8221;1\/2&#8243; tablet_width_inherit=&#8221;default&#8221; animation_type=&#8221;default&#8221; enable_animation=&#8221;true&#8221; animation=&#8221;fade-in&#8221; animation_easing=&#8221;default&#8221; bg_image_animation=&#8221;none&#8221; border_type=&#8221;simple&#8221; column_border_width=&#8221;none&#8221; column_border_style=&#8221;solid&#8221; column_padding_type=&#8221;default&#8221; gradient_type=&#8221;default&#8221; delay=&#8221;800&#8243;][image_with_animation image_url=&#8221;1504&#8243; image_size=&#8221;full&#8221; animation_type=&#8221;entrance&#8221; animation=&#8221;None&#8221; animation_movement_type=&#8221;transform_y&#8221; hover_animation=&#8221;none&#8221; alignment=&#8221;center&#8221; img_link_large=&#8221;yes&#8221; border_radius=&#8221;none&#8221; box_shadow=&#8221;none&#8221; image_loading=&#8221;default&#8221; max_width=&#8221;100%&#8221; max_width_mobile=&#8221;default&#8221; screen_reader_text=&#8221;chambre de l&#8217;h\u00f4tel le sacca&#8221; el_class=&#8221;rest-grid-3&#8243;][\/vc_column_inner][\/vc_row_inner][\/vc_column][\/vc_row][vc_row type=&#8221;in_container&#8221; full_screen_row_position=&#8221;middle&#8221; column_margin=&#8221;default&#8221; column_direction=&#8221;default&#8221; column_direction_tablet=&#8221;default&#8221; column_direction_phone=&#8221;default&#8221; scene_position=&#8221;center&#8221; text_color=&#8221;dark&#8221; text_align=&#8221;left&#8221; row_border_radius=&#8221;none&#8221; row_border_radius_applies=&#8221;bg&#8221; overflow=&#8221;visible&#8221; overlay_strength=&#8221;0.3&#8243; gradient_direction=&#8221;left_to_right&#8221; shape_divider_position=&#8221;bottom&#8221; bg_image_animation=&#8221;none&#8221;][vc_column column_padding=&#8221;no-extra-padding&#8221; column_padding_tablet=&#8221;inherit&#8221; column_padding_phone=&#8221;inherit&#8221; column_padding_position=&#8221;all&#8221; column_element_direction_desktop=&#8221;default&#8221; column_element_spacing=&#8221;default&#8221; desktop_text_alignment=&#8221;default&#8221; tablet_text_alignment=&#8221;default&#8221; phone_text_alignment=&#8221;default&#8221; background_color_opacity=&#8221;1&#8243; background_hover_color_opacity=&#8221;1&#8243; column_backdrop_filter=&#8221;none&#8221; column_shadow=&#8221;none&#8221; column_border_radius=&#8221;none&#8221; column_link_target=&#8221;_self&#8221; column_position=&#8221;default&#8221; gradient_direction=&#8221;left_to_right&#8221; overlay_strength=&#8221;0.3&#8243; width=&#8221;1\/1&#8243; tablet_width_inherit=&#8221;default&#8221; animation_type=&#8221;default&#8221; bg_image_animation=&#8221;none&#8221; border_type=&#8221;simple&#8221; column_border_width=&#8221;none&#8221; column_border_style=&#8221;solid&#8221;][vc_column_text]\n[\/vc_column_text][\/vc_column][\/vc_row]\n","protected":false},"excerpt":{"rendered":"<p>[vc_row type=&#8221;full_width_background&#8221; full_screen_row_position=&#8221;middle&#8221; column_margin=&#8221;default&#8221; column_direction=&#8221;default&#8221; column_direction_tablet=&#8221;default&#8221; column_direction_phone=&#8221;default&#8221; bg_image=&#8221;375&#8243; bg_position=&#8221;center center&#8221; background_image_loading=&#8221;default&#8221; bg_repeat=&#8221;no-repeat&#8221; scene_position=&#8221;center&#8221; top_padding=&#8221;28%&#8221; bottom_padding=&#8221;4%&#8221; top_padding_phone=&#8221;80%&#8221; bottom_padding_phone=&#8221;10%&#8221; text_color=&#8221;light&#8221; text_align=&#8221;center&#8221; row_border_radius=&#8221;none&#8221; row_border_radius_applies=&#8221;bg&#8221; overflow=&#8221;visible&#8221; id=&#8221;inner&#8221; enable_gradient=&#8221;true&#8221; color_overlay=&#8221;rgba(9,23,56,0.52)&#8221; color_overlay_2=&#8221;rgba(9,23,56,0.01)&#8221; overlay_strength=&#8221;1&#8243; gradient_direction=&#8221;top_to_bottom&#8221; shape_divider_position=&#8221;bottom&#8221; bg_image_animation=&#8221;none&#8221;&#8230;<\/p>\n","protected":false},"author":1,"featured_media":0,"parent":1485,"menu_order":0,"comment_status":"closed","ping_status":"closed","template":"","meta":{"inline_featured_image":false,"footnotes":""},"class_list":["post-1558","page","type-page","status-publish"],"yoast_head":"<!-- This site is optimized with the Yoast SEO plugin v27.1.1 - https:\/\/yoast.com\/product\/yoast-seo-wordpress\/ -->\n<title>Physical preparation - Le Sacca<\/title>\n<meta name=\"robots\" content=\"index, follow, max-snippet:-1, max-image-preview:large, max-video-preview:-1\" \/>\n<link rel=\"canonical\" href=\"https:\/\/www.hotel-lesacca.com\/en\/services\/physical-preparation\/\" \/>\n<meta property=\"og:locale\" content=\"en_US\" \/>\n<meta property=\"og:type\" content=\"article\" \/>\n<meta property=\"og:title\" content=\"Physical preparation - Le Sacca\" \/>\n<meta property=\"og:description\" content=\"[vc_row type=&#8221;full_width_background&#8221; full_screen_row_position=&#8221;middle&#8221; column_margin=&#8221;default&#8221; column_direction=&#8221;default&#8221; column_direction_tablet=&#8221;default&#8221; column_direction_phone=&#8221;default&#8221; bg_image=&#8221;375&#8243; bg_position=&#8221;center center&#8221; background_image_loading=&#8221;default&#8221; bg_repeat=&#8221;no-repeat&#8221; scene_position=&#8221;center&#8221; top_padding=&#8221;28%&#8221; bottom_padding=&#8221;4%&#8221; top_padding_phone=&#8221;80%&#8221; bottom_padding_phone=&#8221;10%&#8221; text_color=&#8221;light&#8221; text_align=&#8221;center&#8221; row_border_radius=&#8221;none&#8221; row_border_radius_applies=&#8221;bg&#8221; overflow=&#8221;visible&#8221; id=&#8221;inner&#8221; enable_gradient=&#8221;true&#8221; color_overlay=&#8221;rgba(9,23,56,0.52)&#8221; color_overlay_2=&#8221;rgba(9,23,56,0.01)&#8221; overlay_strength=&#8221;1&#8243; gradient_direction=&#8221;top_to_bottom&#8221; shape_divider_position=&#8221;bottom&#8221; bg_image_animation=&#8221;none&#8221;...\" \/>\n<meta property=\"og:url\" content=\"https:\/\/www.hotel-lesacca.com\/en\/services\/physical-preparation\/\" \/>\n<meta property=\"og:site_name\" content=\"Le Sacca\" \/>\n<meta property=\"article:modified_time\" content=\"2025-04-23T09:42:02+00:00\" \/>\n<meta name=\"twitter:card\" content=\"summary_large_image\" \/>\n<meta name=\"twitter:label1\" content=\"Est. reading time\" \/>\n\t<meta name=\"twitter:data1\" content=\"7 minutes\" \/>\n<script type=\"application\/ld+json\" class=\"yoast-schema-graph\">{\"@context\":\"https:\/\/schema.org\",\"@graph\":[{\"@type\":\"WebPage\",\"@id\":\"https:\/\/www.hotel-lesacca.com\/en\/services\/physical-preparation\/\",\"url\":\"https:\/\/www.hotel-lesacca.com\/en\/services\/physical-preparation\/\",\"name\":\"Physical preparation - Le Sacca\",\"isPartOf\":{\"@id\":\"https:\/\/www.hotel-lesacca.com\/#website\"},\"datePublished\":\"2025-03-27T08:46:49+00:00\",\"dateModified\":\"2025-04-23T09:42:02+00:00\",\"breadcrumb\":{\"@id\":\"https:\/\/www.hotel-lesacca.com\/en\/services\/physical-preparation\/#breadcrumb\"},\"inLanguage\":\"en-US\",\"potentialAction\":[{\"@type\":\"ReadAction\",\"target\":[\"https:\/\/www.hotel-lesacca.com\/en\/services\/physical-preparation\/\"]}]},{\"@type\":\"BreadcrumbList\",\"@id\":\"https:\/\/www.hotel-lesacca.com\/en\/services\/physical-preparation\/#breadcrumb\",\"itemListElement\":[{\"@type\":\"ListItem\",\"position\":1,\"name\":\"Accueil\",\"item\":\"https:\/\/www.hotel-lesacca.com\/en\/\"},{\"@type\":\"ListItem\",\"position\":2,\"name\":\"Services\",\"item\":\"https:\/\/www.hotel-lesacca.com\/en\/services\/\"},{\"@type\":\"ListItem\",\"position\":3,\"name\":\"Physical preparation\"}]},{\"@type\":\"WebSite\",\"@id\":\"https:\/\/www.hotel-lesacca.com\/#website\",\"url\":\"https:\/\/www.hotel-lesacca.com\/\",\"name\":\"H\u00f4tel Le Sacca\",\"description\":\"H\u00f4tel &amp; Restaurant de montagne \u00e0 Cauterets\",\"publisher\":{\"@id\":\"https:\/\/www.hotel-lesacca.com\/#organization\"},\"potentialAction\":[{\"@type\":\"SearchAction\",\"target\":{\"@type\":\"EntryPoint\",\"urlTemplate\":\"https:\/\/www.hotel-lesacca.com\/?s={search_term_string}\"},\"query-input\":{\"@type\":\"PropertyValueSpecification\",\"valueRequired\":true,\"valueName\":\"search_term_string\"}}],\"inLanguage\":\"en-US\"},{\"@type\":\"Organization\",\"@id\":\"https:\/\/www.hotel-lesacca.com\/#organization\",\"name\":\"H\u00f4tel Le Sacca\",\"url\":\"https:\/\/www.hotel-lesacca.com\/\",\"logo\":{\"@type\":\"ImageObject\",\"inLanguage\":\"en-US\",\"@id\":\"https:\/\/www.hotel-lesacca.com\/#\/schema\/logo\/image\/\",\"url\":\"https:\/\/www.hotel-lesacca.com\/wp-content\/uploads\/2024\/11\/Logo_LeSacca_noir-1.svg\",\"contentUrl\":\"https:\/\/www.hotel-lesacca.com\/wp-content\/uploads\/2024\/11\/Logo_LeSacca_noir-1.svg\",\"width\":264,\"height\":113,\"caption\":\"H\u00f4tel Le Sacca\"},\"image\":{\"@id\":\"https:\/\/www.hotel-lesacca.com\/#\/schema\/logo\/image\/\"}}]}<\/script>\n<!-- \/ Yoast SEO plugin. -->","yoast_head_json":{"title":"Physical preparation - Le Sacca","robots":{"index":"index","follow":"follow","max-snippet":"max-snippet:-1","max-image-preview":"max-image-preview:large","max-video-preview":"max-video-preview:-1"},"canonical":"https:\/\/www.hotel-lesacca.com\/en\/services\/physical-preparation\/","og_locale":"en_US","og_type":"article","og_title":"Physical preparation - Le Sacca","og_description":"[vc_row type=&#8221;full_width_background&#8221; full_screen_row_position=&#8221;middle&#8221; column_margin=&#8221;default&#8221; column_direction=&#8221;default&#8221; column_direction_tablet=&#8221;default&#8221; column_direction_phone=&#8221;default&#8221; bg_image=&#8221;375&#8243; bg_position=&#8221;center center&#8221; background_image_loading=&#8221;default&#8221; bg_repeat=&#8221;no-repeat&#8221; scene_position=&#8221;center&#8221; top_padding=&#8221;28%&#8221; bottom_padding=&#8221;4%&#8221; top_padding_phone=&#8221;80%&#8221; bottom_padding_phone=&#8221;10%&#8221; text_color=&#8221;light&#8221; text_align=&#8221;center&#8221; row_border_radius=&#8221;none&#8221; row_border_radius_applies=&#8221;bg&#8221; overflow=&#8221;visible&#8221; id=&#8221;inner&#8221; enable_gradient=&#8221;true&#8221; color_overlay=&#8221;rgba(9,23,56,0.52)&#8221; color_overlay_2=&#8221;rgba(9,23,56,0.01)&#8221; overlay_strength=&#8221;1&#8243; gradient_direction=&#8221;top_to_bottom&#8221; shape_divider_position=&#8221;bottom&#8221; bg_image_animation=&#8221;none&#8221;...","og_url":"https:\/\/www.hotel-lesacca.com\/en\/services\/physical-preparation\/","og_site_name":"Le Sacca","article_modified_time":"2025-04-23T09:42:02+00:00","twitter_card":"summary_large_image","twitter_misc":{"Est. reading time":"7 minutes"},"schema":{"@context":"https:\/\/schema.org","@graph":[{"@type":"WebPage","@id":"https:\/\/www.hotel-lesacca.com\/en\/services\/physical-preparation\/","url":"https:\/\/www.hotel-lesacca.com\/en\/services\/physical-preparation\/","name":"Physical preparation - Le Sacca","isPartOf":{"@id":"https:\/\/www.hotel-lesacca.com\/#website"},"datePublished":"2025-03-27T08:46:49+00:00","dateModified":"2025-04-23T09:42:02+00:00","breadcrumb":{"@id":"https:\/\/www.hotel-lesacca.com\/en\/services\/physical-preparation\/#breadcrumb"},"inLanguage":"en-US","potentialAction":[{"@type":"ReadAction","target":["https:\/\/www.hotel-lesacca.com\/en\/services\/physical-preparation\/"]}]},{"@type":"BreadcrumbList","@id":"https:\/\/www.hotel-lesacca.com\/en\/services\/physical-preparation\/#breadcrumb","itemListElement":[{"@type":"ListItem","position":1,"name":"Accueil","item":"https:\/\/www.hotel-lesacca.com\/en\/"},{"@type":"ListItem","position":2,"name":"Services","item":"https:\/\/www.hotel-lesacca.com\/en\/services\/"},{"@type":"ListItem","position":3,"name":"Physical preparation"}]},{"@type":"WebSite","@id":"https:\/\/www.hotel-lesacca.com\/#website","url":"https:\/\/www.hotel-lesacca.com\/","name":"H\u00f4tel Le Sacca","description":"H\u00f4tel &amp; Restaurant de montagne \u00e0 Cauterets","publisher":{"@id":"https:\/\/www.hotel-lesacca.com\/#organization"},"potentialAction":[{"@type":"SearchAction","target":{"@type":"EntryPoint","urlTemplate":"https:\/\/www.hotel-lesacca.com\/?s={search_term_string}"},"query-input":{"@type":"PropertyValueSpecification","valueRequired":true,"valueName":"search_term_string"}}],"inLanguage":"en-US"},{"@type":"Organization","@id":"https:\/\/www.hotel-lesacca.com\/#organization","name":"H\u00f4tel Le Sacca","url":"https:\/\/www.hotel-lesacca.com\/","logo":{"@type":"ImageObject","inLanguage":"en-US","@id":"https:\/\/www.hotel-lesacca.com\/#\/schema\/logo\/image\/","url":"https:\/\/www.hotel-lesacca.com\/wp-content\/uploads\/2024\/11\/Logo_LeSacca_noir-1.svg","contentUrl":"https:\/\/www.hotel-lesacca.com\/wp-content\/uploads\/2024\/11\/Logo_LeSacca_noir-1.svg","width":264,"height":113,"caption":"H\u00f4tel Le Sacca"},"image":{"@id":"https:\/\/www.hotel-lesacca.com\/#\/schema\/logo\/image\/"}}]}},"_links":{"self":[{"href":"https:\/\/www.hotel-lesacca.com\/en\/wp-json\/wp\/v2\/pages\/1558","targetHints":{"allow":["GET"]}}],"collection":[{"href":"https:\/\/www.hotel-lesacca.com\/en\/wp-json\/wp\/v2\/pages"}],"about":[{"href":"https:\/\/www.hotel-lesacca.com\/en\/wp-json\/wp\/v2\/types\/page"}],"author":[{"embeddable":true,"href":"https:\/\/www.hotel-lesacca.com\/en\/wp-json\/wp\/v2\/users\/1"}],"replies":[{"embeddable":true,"href":"https:\/\/www.hotel-lesacca.com\/en\/wp-json\/wp\/v2\/comments?post=1558"}],"version-history":[{"count":2,"href":"https:\/\/www.hotel-lesacca.com\/en\/wp-json\/wp\/v2\/pages\/1558\/revisions"}],"predecessor-version":[{"id":1637,"href":"https:\/\/www.hotel-lesacca.com\/en\/wp-json\/wp\/v2\/pages\/1558\/revisions\/1637"}],"up":[{"embeddable":true,"href":"https:\/\/www.hotel-lesacca.com\/en\/wp-json\/wp\/v2\/pages\/1485"}],"wp:attachment":[{"href":"https:\/\/www.hotel-lesacca.com\/en\/wp-json\/wp\/v2\/media?parent=1558"}],"curies":[{"name":"wp","href":"https:\/\/api.w.org\/{rel}","templated":true}]}}